{"id":46,"date":"2025-06-23T16:18:01","date_gmt":"2025-06-23T14:18:01","guid":{"rendered":"https:\/\/www.wpstage5.pb2host.com\/?page_id=46"},"modified":"2025-06-25T17:09:57","modified_gmt":"2025-06-25T15:09:57","slug":"accueil","status":"publish","type":"page","link":"https:\/\/www.wpstage5.pb2host.com\/","title":{"rendered":"Welcome to Reading Shakespeare&rsquo;s Early Readers 1590-1800"},"content":{"rendered":"\n<p><strong>Click to access the menu and navigate this website:<\/strong><\/p>\n\n\n \n<div data-block=\"gutenkit\/offcanvas\" data-post-id=\"46\" id=\"block-e71814af-09c5-42dc-9b7b-7db0aa44bf6f\" class=\"wp-block-gutenkit-offcanvas gkit44bf6f gutenkit-block\" data-wrapper=\"gkit44bf6f\" data-settings=\"{&quot;size&quot;:0.3}\"><div class=\"gkit-offcanvas-toggle-wraper gkit-disabled\"><button class=\"gkit_navSidebar-button gkit_offcanvas-sidebar\" aria-label=\"OffCanvas\"><div><svg xmlns='http:\/\/www.w3.org\/2000\/svg' viewBox='0 0 448 512' class=\"gkit-icon\"><path d='M288 64c0 17.7-14.3 32-32 32H32C14.3 96 0 81.7 0 64S14.3 32 32 32H256c17.7 0 32 14.3 32 32zm0 256c0 17.7-14.3 32-32 32H32c-17.7 0-32-14.3-32-32s14.3-32 32-32H256c17.7 0 32 14.3 32 32zM0 192c0-17.7 14.3-32 32-32H416c17.7 0 32 14.3 32 32s-14.3 32-32 32H32c-17.7 0-32-14.3-32-32zM448 448c0 17.7-14.3 32-32 32H32c-17.7 0-32-14.3-32-32s14.3-32 32-32H416c17.7 0 32 14.3 32 32z'\/><\/svg><\/div><\/button><\/div><div class=\"gkit-sidebar-group info-group gkit-slide-style\"><div class=\"gkit-overlay gkit-bg-black gkit-overlay-right\"><\/div><div class=\"gkit-sidebar-widget gkit-off-canvas-position-right\"><div class=\"gkit_sidebar-widget-container\"><div class=\"gkit_widget-heading\"><button class=\"gkit_close-side-widget\" aria-label=\"close-icon\"><div><svg xmlns='http:\/\/www.w3.org\/2000\/svg'  viewBox='0 0 50 50' width='50px' height='50px' class=\"gkit-icon\"><path d='M 9.15625 6.3125 L 6.3125 9.15625 L 22.15625 25 L 6.21875 40.96875 L 9.03125 43.78125 L 25 27.84375 L 40.9375 43.78125 L 43.78125 40.9375 L 27.84375 25 L 43.6875 9.15625 L 40.84375 6.3125 L 25 22.15625 Z'\/><\/svg><\/div><\/button><\/div><div class=\"gkit_sidebar-textwidget\"><div class=\"widgetarea_warper_edit\"><div><nav class=\"is-responsive wp-block-navigation is-layout-flex wp-block-navigation-is-layout-flex\" aria-label=\"Navigation\" \n\t\t data-wp-interactive=\"core\/navigation\" data-wp-context='{\"overlayOpenedBy\":{\"click\":false,\"hover\":false,\"focus\":false},\"type\":\"overlay\",\"roleAttribute\":\"\",\"ariaLabel\":\"Menu\"}'><button aria-haspopup=\"dialog\" aria-label=\"Ouvrir le menu\" class=\"wp-block-navigation__responsive-container-open\" \n\t\t\t\tdata-wp-on--click=\"actions.openMenuOnClick\"\n\t\t\t\tdata-wp-on--keydown=\"actions.handleMenuKeydown\"\n\t\t\t><svg width=\"24\" height=\"24\" xmlns=\"http:\/\/www.w3.org\/2000\/svg\" viewBox=\"0 0 24 24\" aria-hidden=\"true\" focusable=\"false\"><path d=\"M4 7.5h16v1.5H4z\"><\/path><path d=\"M4 15h16v1.5H4z\"><\/path><\/svg><\/button>\n\t\t\t\t<div class=\"wp-block-navigation__responsive-container\"  id=\"modal-1\" \n\t\t\t\tdata-wp-class--has-modal-open=\"state.isMenuOpen\"\n\t\t\t\tdata-wp-class--is-menu-open=\"state.isMenuOpen\"\n\t\t\t\tdata-wp-watch=\"callbacks.initMenu\"\n\t\t\t\tdata-wp-on--keydown=\"actions.handleMenuKeydown\"\n\t\t\t\tdata-wp-on--focusout=\"actions.handleMenuFocusout\"\n\t\t\t\ttabindex=\"-1\"\n\t\t\t>\n\t\t\t\t\t<div class=\"wp-block-navigation__responsive-close\" tabindex=\"-1\">\n\t\t\t\t\t\t<div class=\"wp-block-navigation__responsive-dialog\" \n\t\t\t\tdata-wp-bind--aria-modal=\"state.ariaModal\"\n\t\t\t\tdata-wp-bind--aria-label=\"state.ariaLabel\"\n\t\t\t\tdata-wp-bind--role=\"state.roleAttribute\"\n\t\t\t>\n\t\t\t\t\t\t\t<button aria-label=\"Fermer le menu\" class=\"wp-block-navigation__responsive-container-close\" \n\t\t\t\tdata-wp-on--click=\"actions.closeMenuOnClick\"\n\t\t\t><svg xmlns=\"http:\/\/www.w3.org\/2000\/svg\" viewBox=\"0 0 24 24\" width=\"24\" height=\"24\" aria-hidden=\"true\" focusable=\"false\"><path d=\"m13.06 12 6.47-6.47-1.06-1.06L12 10.94 5.53 4.47 4.47 5.53 10.94 12l-6.47 6.47 1.06 1.06L12 13.06l6.47 6.47 1.06-1.06L13.06 12Z\"><\/path><\/svg><\/button>\n\t\t\t\t\t\t\t<div class=\"wp-block-navigation__responsive-container-content\" \n\t\t\t\tdata-wp-watch=\"callbacks.focusFirstElement\"\n\t\t\t id=\"modal-1-content\">\n\t\t\t\t\t\t\t\t<ul class=\"wp-block-navigation__container is-responsive wp-block-navigation\"><li class=\" wp-block-navigation-item wp-block-navigation-link\"><a class=\"wp-block-navigation-item__content\"  href=\"https:\/\/www.wpstage5.pb2host.com\/\"><span class=\"wp-block-navigation-item__label\">Welcome to Reading Shakespeare&rsquo;s Early Readers 1590-1800<\/span><\/a><\/li><li class=\" wp-block-navigation-item wp-block-navigation-link\"><a class=\"wp-block-navigation-item__content\"  href=\"https:\/\/www.wpstage5.pb2host.com\/\"><span class=\"wp-block-navigation-item__label\">Welcome to Reading Shakespeare&rsquo;s Early Readers 1590-1800<\/span><\/a><\/li><li data-wp-context=\"{ &quot;submenuOpenedBy&quot;: { &quot;click&quot;: false, &quot;hover&quot;: false, &quot;focus&quot;: false }, &quot;type&quot;: &quot;submenu&quot;, &quot;modal&quot;: null, &quot;previousFocus&quot;: null }\" data-wp-interactive=\"core\/navigation\" data-wp-on--focusout=\"actions.handleMenuFocusout\" data-wp-on--keydown=\"actions.handleMenuKeydown\" data-wp-on--mouseenter=\"actions.openMenuOnHover\" data-wp-on--mouseleave=\"actions.closeMenuOnHover\" data-wp-watch=\"callbacks.initMenu\" tabindex=\"-1\" class=\"wp-block-navigation-item has-child open-on-hover-click wp-block-navigation-submenu\"><a class=\"wp-block-navigation-item__content\" href=\"https:\/\/www.wpstage5.pb2host.com\/index.php\/life-in-the-archives-shaping-early-modern-selfhood\/\"><span class=\"wp-block-navigation-item__label\">Life in the Archives: Shaping Early Modern Selfhood<\/span><\/a><button data-wp-bind--aria-expanded=\"state.isMenuOpen\" data-wp-on--click=\"actions.toggleMenuOnClick\" aria-label=\"Sous-menu Life in the Archives: Shaping Early Modern Selfhood\" class=\"wp-block-navigation__submenu-icon wp-block-navigation-submenu__toggle\" ><svg xmlns=\"http:\/\/www.w3.org\/2000\/svg\" width=\"12\" height=\"12\" viewBox=\"0 0 12 12\" fill=\"none\" aria-hidden=\"true\" focusable=\"false\"><path d=\"M1.50002 4L6.00002 8L10.5 4\" stroke-width=\"1.5\"><\/path><\/svg><\/button><ul data-wp-on--focus=\"actions.openMenuOnFocus\" class=\"wp-block-navigation__submenu-container wp-block-navigation-submenu\"><li class=\" wp-block-navigation-item wp-block-navigation-link\"><a class=\"wp-block-navigation-item__content\"  href=\"https:\/\/www.wpstage5.pb2host.com\/index.php\/page-test-elementor\/\"><span class=\"wp-block-navigation-item__label\">Welcome to Reading Shakespeare\u2019s Early Readers 1590-1800 &#8211; Elementor<\/span><\/a><\/li><\/ul><\/li><li class=\" wp-block-navigation-item wp-block-navigation-link\"><a class=\"wp-block-navigation-item__content\"  href=\"https:\/\/www.wpstage5.pb2host.com\/index.php\/early-modern-theatrical-annotators-and-transcribers\/\"><span class=\"wp-block-navigation-item__label\">Early Modern Theatrical Annotators and Transcribers<\/span><\/a><\/li><li class=\" wp-block-navigation-item wp-block-navigation-link\"><a class=\"wp-block-navigation-item__content\"  href=\"https:\/\/www.wpstage5.pb2host.com\/index.php\/readers-and-editors-of-shakespeare-a-concordia-discors\/\"><span class=\"wp-block-navigation-item__label\">Readers and Editors of Shakespeare\u2014a Concordia Discors<\/span><\/a><\/li><li class=\" wp-block-navigation-item wp-block-navigation-link\"><a class=\"wp-block-navigation-item__content\"  href=\"https:\/\/www.wpstage5.pb2host.com\/index.php\/commonplacing-the-myth-and-the-empirical-impulse\/\"><span class=\"wp-block-navigation-item__label\">Commonplacing: The Myth and the Empirical Impulse<\/span><\/a><\/li><li class=\" wp-block-navigation-item wp-block-navigation-link\"><a class=\"wp-block-navigation-item__content\"  href=\"https:\/\/www.wpstage5.pb2host.com\/index.php\/shakespeare-and-the-early-formation-of-aesthetic-taste\/\"><span class=\"wp-block-navigation-item__label\">Shakespeare and the Early Formation of Aesthetic Taste<\/span><\/a><\/li><li class=\" wp-block-navigation-item wp-block-navigation-link\"><a class=\"wp-block-navigation-item__content\"  href=\"https:\/\/www.wpstage5.pb2host.com\/index.php\/contact\/\"><span class=\"wp-block-navigation-item__label\">Contact<\/span><\/a><\/li><li class=\" wp-block-navigation-item wp-block-navigation-link\"><a class=\"wp-block-navigation-item__content\"  href=\"https:\/\/www.wpstage5.pb2host.com\/index.php\/page-d-exemple\/\"><span class=\"wp-block-navigation-item__label\">Page d\u2019exemple<\/span><\/a><\/li><\/ul>\n\t\t\t\t\t\t\t<\/div>\n\t\t\t\t\t\t<\/div>\n\t\t\t\t\t<\/div>\n\t\t\t\t<\/div><\/nav><\/div><\/div><\/div><\/div><\/div><\/div><\/div>\n \n\n\n<figure class=\"wp-block-image aligncenter size-large is-resized is-style-rounded\"><img fetchpriority=\"high\" decoding=\"async\" width=\"1024\" height=\"743\" src=\"https:\/\/www.wpstage5.pb2host.com\/wp-content\/uploads\/2025\/06\/IncomparableShakespeare-copie-2-1024x743.jpeg\" alt=\"\" class=\"wp-image-68\" style=\"width:725px;height:auto\" srcset=\"https:\/\/www.wpstage5.pb2host.com\/wp-content\/uploads\/2025\/06\/IncomparableShakespeare-copie-2-1024x743.jpeg 1024w, https:\/\/www.wpstage5.pb2host.com\/wp-content\/uploads\/2025\/06\/IncomparableShakespeare-copie-2-300x218.jpeg 300w, https:\/\/www.wpstage5.pb2host.com\/wp-content\/uploads\/2025\/06\/IncomparableShakespeare-copie-2-768x557.jpeg 768w, https:\/\/www.wpstage5.pb2host.com\/wp-content\/uploads\/2025\/06\/IncomparableShakespeare-copie-2-1536x1114.jpeg 1536w, https:\/\/www.wpstage5.pb2host.com\/wp-content\/uploads\/2025\/06\/IncomparableShakespeare-copie-2.jpeg 1676w\" sizes=\"(max-width: 1024px) 100vw, 1024px\" \/><\/figure>\n\n\n\n<p><\/p>\n\n\n\n<p class=\"has-text-align-center\">Who were Shakespeare&rsquo;s first readers and what did they think of his works?<\/p>\n\n\n\n<p class=\"has-text-align-center\">This website reconsiders the role of readers in the history of Shakespeare\u2019s rise to fame and in the history of canon formation. Addressing an essential formative \u201cmoment\u201d when Shakespeare became a literary dramatist six crucial fields are explored through various pages and short articles.<\/p>\n","protected":false},"excerpt":{"rendered":"<p>Click to access the menu and navigate this website: Who were Shakespeare&rsquo;s first readers and what did they think of [&hellip;]<\/p>\n","protected":false},"author":1,"featured_media":0,"parent":0,"menu_order":0,"comment_status":"closed","ping_status":"closed","template":"","meta":{"_uag_custom_page_level_css":"","advgb_blocks_editor_width":"","advgb_blocks_columns_visual_guide":"","postBodyCss":"","postBodyMargin":[],"postBodyPadding":[],"postBodyBackground":{"backgroundType":"classic","gradient":""},"site-sidebar-layout":"default","site-content-layout":"","ast-site-content-layout":"default","site-content-style":"default","site-sidebar-style":"default","ast-global-header-display":"","ast-banner-title-visibility":"","ast-main-header-display":"","ast-hfb-above-header-display":"","ast-hfb-below-header-display":"","ast-hfb-mobile-header-display":"","site-post-title":"","ast-breadcrumbs-content":"","ast-featured-img":"","footer-sml-layout":"","theme-transparent-header-meta":"","adv-header-id-meta":"","stick-header-meta":"","header-above-stick-meta":"","header-main-stick-meta":"","header-below-stick-meta":"","astra-migrate-meta-layouts":"default","ast-page-background-enabled":"default","ast-page-background-meta":{"desktop":{"background-color":"var(--ast-global-color-5)","background-image":"","background-repeat":"repeat","background-position":"center center","background-size":"auto","background-attachment":"scroll","background-type":"","background-media":"","overlay-type":"","overlay-color":"","overlay-opacity":"","overlay-gradient":""},"tablet":{"background-color":"","background-image":"","background-repeat":"repeat","background-position":"center center","background-size":"auto","background-attachment":"scroll","background-type":"","background-media":"","overlay-type":"","overlay-color":"","overlay-opacity":"","overlay-gradient":""},"mobile":{"background-color":"","background-image":"","background-repeat":"repeat","background-position":"center center","background-size":"auto","background-attachment":"scroll","background-type":"","background-media":"","overlay-type":"","overlay-color":"","overlay-opacity":"","overlay-gradient":""}},"ast-content-background-meta":{"desktop":{"background-color":"var(--ast-global-color-4)","background-image":"","background-repeat":"repeat","background-position":"center center","background-size":"auto","background-attachment":"scroll","background-type":"","background-media":"","overlay-type":"","overlay-color":"","overlay-opacity":"","overlay-gradient":""},"tablet":{"background-color":"var(--ast-global-color-4)","background-image":"","background-repeat":"repeat","background-position":"center center","background-size":"auto","background-attachment":"scroll","background-type":"","background-media":"","overlay-type":"","overlay-color":"","overlay-opacity":"","overlay-gradient":""},"mobile":{"background-color":"var(--ast-global-color-4)","background-image":"","background-repeat":"repeat","background-position":"center center","background-size":"auto","background-attachment":"scroll","background-type":"","background-media":"","overlay-type":"","overlay-color":"","overlay-opacity":"","overlay-gradient":""}},"footnotes":""},"class_list":["post-46","page","type-page","status-publish","hentry"],"yoast_head":"<!-- This site is optimized with the Yoast SEO plugin v25.3.1 - https:\/\/yoast.com\/wordpress\/plugins\/seo\/ -->\n<title>Welcome to Reading Shakespeare&#039;s Early Readers 1590-1800 -<\/title>\n<meta name=\"robots\" content=\"noindex, follow, max-snippet:-1, max-image-preview:large, max-video-preview:-1\" \/>\n<meta property=\"og:locale\" content=\"fr_FR\" \/>\n<meta property=\"og:type\" content=\"article\" \/>\n<meta property=\"og:title\" content=\"Welcome to Reading Shakespeare&#039;s Early Readers 1590-1800 -\" \/>\n<meta property=\"og:description\" content=\"Click to access the menu and navigate this website: Who were Shakespeare&rsquo;s first readers and what did they think of [&hellip;]\" \/>\n<meta property=\"og:url\" content=\"https:\/\/www.wpstage5.pb2host.com\/\" \/>\n<meta property=\"article:modified_time\" content=\"2025-06-25T15:09:57+00:00\" \/>\n<meta property=\"og:image\" content=\"https:\/\/www.wpstage5.pb2host.com\/wp-content\/uploads\/2025\/06\/IncomparableShakespeare-copie-2.jpeg\" \/>\n\t<meta property=\"og:image:width\" content=\"1676\" \/>\n\t<meta property=\"og:image:height\" content=\"1216\" \/>\n\t<meta property=\"og:image:type\" content=\"image\/jpeg\" \/>\n<meta name=\"twitter:card\" content=\"summary_large_image\" \/>\n<meta name=\"twitter:label1\" content=\"Dur\u00e9e de lecture estim\u00e9e\" \/>\n\t<meta name=\"twitter:data1\" content=\"1 minute\" \/>\n<script type=\"application\/ld+json\" class=\"yoast-schema-graph\">{\"@context\":\"https:\/\/schema.org\",\"@graph\":[{\"@type\":\"WebPage\",\"@id\":\"https:\/\/www.wpstage5.pb2host.com\/\",\"url\":\"https:\/\/www.wpstage5.pb2host.com\/\",\"name\":\"Welcome to Reading Shakespeare's Early Readers 1590-1800 -\",\"isPartOf\":{\"@id\":\"https:\/\/www.wpstage5.pb2host.com\/#website\"},\"primaryImageOfPage\":{\"@id\":\"https:\/\/www.wpstage5.pb2host.com\/#primaryimage\"},\"image\":{\"@id\":\"https:\/\/www.wpstage5.pb2host.com\/#primaryimage\"},\"thumbnailUrl\":\"https:\/\/www.wpstage5.pb2host.com\/wp-content\/uploads\/2025\/06\/IncomparableShakespeare-copie-2-1024x743.jpeg\",\"datePublished\":\"2025-06-23T14:18:01+00:00\",\"dateModified\":\"2025-06-25T15:09:57+00:00\",\"breadcrumb\":{\"@id\":\"https:\/\/www.wpstage5.pb2host.com\/#breadcrumb\"},\"inLanguage\":\"fr-FR\",\"potentialAction\":[{\"@type\":\"ReadAction\",\"target\":[\"https:\/\/www.wpstage5.pb2host.com\/\"]}]},{\"@type\":\"ImageObject\",\"inLanguage\":\"fr-FR\",\"@id\":\"https:\/\/www.wpstage5.pb2host.com\/#primaryimage\",\"url\":\"https:\/\/www.wpstage5.pb2host.com\/wp-content\/uploads\/2025\/06\/IncomparableShakespeare-copie-2.jpeg\",\"contentUrl\":\"https:\/\/www.wpstage5.pb2host.com\/wp-content\/uploads\/2025\/06\/IncomparableShakespeare-copie-2.jpeg\",\"width\":1676,\"height\":1216},{\"@type\":\"BreadcrumbList\",\"@id\":\"https:\/\/www.wpstage5.pb2host.com\/#breadcrumb\",\"itemListElement\":[{\"@type\":\"ListItem\",\"position\":1,\"name\":\"Accueil\",\"item\":\"https:\/\/www.wpstage5.pb2host.com\/\"},{\"@type\":\"ListItem\",\"position\":2,\"name\":\"Welcome to Reading Shakespeare&rsquo;s Early Readers 1590-1800\"}]},{\"@type\":\"WebSite\",\"@id\":\"https:\/\/www.wpstage5.pb2host.com\/#website\",\"url\":\"https:\/\/www.wpstage5.pb2host.com\/\",\"name\":\"\",\"description\":\"\",\"potentialAction\":[{\"@type\":\"SearchAction\",\"target\":{\"@type\":\"EntryPoint\",\"urlTemplate\":\"https:\/\/www.wpstage5.pb2host.com\/?s={search_term_string}\"},\"query-input\":{\"@type\":\"PropertyValueSpecification\",\"valueRequired\":true,\"valueName\":\"search_term_string\"}}],\"inLanguage\":\"fr-FR\"}]}<\/script>\n<!-- \/ Yoast SEO plugin. -->","yoast_head_json":{"title":"Welcome to Reading Shakespeare's Early Readers 1590-1800 -","robots":{"index":"noindex","follow":"follow","max-snippet":"max-snippet:-1","max-image-preview":"max-image-preview:large","max-video-preview":"max-video-preview:-1"},"og_locale":"fr_FR","og_type":"article","og_title":"Welcome to Reading Shakespeare's Early Readers 1590-1800 -","og_description":"Click to access the menu and navigate this website: Who were Shakespeare&rsquo;s first readers and what did they think of [&hellip;]","og_url":"https:\/\/www.wpstage5.pb2host.com\/","article_modified_time":"2025-06-25T15:09:57+00:00","og_image":[{"width":1676,"height":1216,"url":"https:\/\/www.wpstage5.pb2host.com\/wp-content\/uploads\/2025\/06\/IncomparableShakespeare-copie-2.jpeg","type":"image\/jpeg"}],"twitter_card":"summary_large_image","twitter_misc":{"Dur\u00e9e de lecture estim\u00e9e":"1 minute"},"schema":{"@context":"https:\/\/schema.org","@graph":[{"@type":"WebPage","@id":"https:\/\/www.wpstage5.pb2host.com\/","url":"https:\/\/www.wpstage5.pb2host.com\/","name":"Welcome to Reading Shakespeare's Early Readers 1590-1800 -","isPartOf":{"@id":"https:\/\/www.wpstage5.pb2host.com\/#website"},"primaryImageOfPage":{"@id":"https:\/\/www.wpstage5.pb2host.com\/#primaryimage"},"image":{"@id":"https:\/\/www.wpstage5.pb2host.com\/#primaryimage"},"thumbnailUrl":"https:\/\/www.wpstage5.pb2host.com\/wp-content\/uploads\/2025\/06\/IncomparableShakespeare-copie-2-1024x743.jpeg","datePublished":"2025-06-23T14:18:01+00:00","dateModified":"2025-06-25T15:09:57+00:00","breadcrumb":{"@id":"https:\/\/www.wpstage5.pb2host.com\/#breadcrumb"},"inLanguage":"fr-FR","potentialAction":[{"@type":"ReadAction","target":["https:\/\/www.wpstage5.pb2host.com\/"]}]},{"@type":"ImageObject","inLanguage":"fr-FR","@id":"https:\/\/www.wpstage5.pb2host.com\/#primaryimage","url":"https:\/\/www.wpstage5.pb2host.com\/wp-content\/uploads\/2025\/06\/IncomparableShakespeare-copie-2.jpeg","contentUrl":"https:\/\/www.wpstage5.pb2host.com\/wp-content\/uploads\/2025\/06\/IncomparableShakespeare-copie-2.jpeg","width":1676,"height":1216},{"@type":"BreadcrumbList","@id":"https:\/\/www.wpstage5.pb2host.com\/#breadcrumb","itemListElement":[{"@type":"ListItem","position":1,"name":"Accueil","item":"https:\/\/www.wpstage5.pb2host.com\/"},{"@type":"ListItem","position":2,"name":"Welcome to Reading Shakespeare&rsquo;s Early Readers 1590-1800"}]},{"@type":"WebSite","@id":"https:\/\/www.wpstage5.pb2host.com\/#website","url":"https:\/\/www.wpstage5.pb2host.com\/","name":"","description":"","potentialAction":[{"@type":"SearchAction","target":{"@type":"EntryPoint","urlTemplate":"https:\/\/www.wpstage5.pb2host.com\/?s={search_term_string}"},"query-input":{"@type":"PropertyValueSpecification","valueRequired":true,"valueName":"search_term_string"}}],"inLanguage":"fr-FR"}]}},"uagb_featured_image_src":{"full":false,"thumbnail":false,"medium":false,"medium_large":false,"large":false,"1536x1536":false,"2048x2048":false},"uagb_author_info":{"display_name":"webmaster","author_link":"https:\/\/www.wpstage5.pb2host.com\/index.php\/author\/webmaster\/"},"uagb_comment_info":0,"uagb_excerpt":"Click to access the menu and navigate this website: Who were Shakespeare&rsquo;s first readers and what did they think of [&hellip;]","coauthors":[],"author_meta":{"author_link":"https:\/\/www.wpstage5.pb2host.com\/index.php\/author\/webmaster\/","display_name":"webmaster"},"relative_dates":{"created":"Publi\u00e9 10 mois il y a","modified":"Mis \u00e0 jour 10 mois il y a"},"absolute_dates":{"created":"Publi\u00e9 le 23 juin 2025","modified":"Mise \u00e0 jour le 25 juin 2025"},"absolute_dates_time":{"created":"Publi\u00e9 le 23 juin 2025 16h18","modified":"Mise \u00e0 jour le 25 juin 2025 17h09"},"featured_img_caption":"","featured_img":false,"series_order":"","_links":{"self":[{"href":"https:\/\/www.wpstage5.pb2host.com\/index.php\/wp-json\/wp\/v2\/pages\/46","targetHints":{"allow":["GET"]}}],"collection":[{"href":"https:\/\/www.wpstage5.pb2host.com\/index.php\/wp-json\/wp\/v2\/pages"}],"about":[{"href":"https:\/\/www.wpstage5.pb2host.com\/index.php\/wp-json\/wp\/v2\/types\/page"}],"author":[{"embeddable":true,"href":"https:\/\/www.wpstage5.pb2host.com\/index.php\/wp-json\/wp\/v2\/users\/1"}],"replies":[{"embeddable":true,"href":"https:\/\/www.wpstage5.pb2host.com\/index.php\/wp-json\/wp\/v2\/comments?post=46"}],"version-history":[{"count":13,"href":"https:\/\/www.wpstage5.pb2host.com\/index.php\/wp-json\/wp\/v2\/pages\/46\/revisions"}],"predecessor-version":[{"id":154,"href":"https:\/\/www.wpstage5.pb2host.com\/index.php\/wp-json\/wp\/v2\/pages\/46\/revisions\/154"}],"wp:attachment":[{"href":"https:\/\/www.wpstage5.pb2host.com\/index.php\/wp-json\/wp\/v2\/media?parent=46"}],"curies":[{"name":"wp","href":"https:\/\/api.w.org\/{rel}","templated":true}]}}